{"id":31772,"date":"2023-09-20T00:32:32","date_gmt":"2023-09-19T22:32:32","guid":{"rendered":"https:\/\/www.weschool.com\/?page_id=31772"},"modified":"2025-07-04T15:34:33","modified_gmt":"2025-07-04T13:34:33","slug":"homepage","status":"publish","type":"page","link":"https:\/\/www.weschool.com\/es\/","title":{"rendered":"Homepage"},"content":{"rendered":"","protected":false},"excerpt":{"rendered":"","protected":false},"author":1,"featured_media":31810,"parent":0,"menu_order":10,"comment_status":"closed","ping_status":"closed","template":"page-templates\/front-page-edu-en.php","meta":{"_acf_changed":false,"inline_featured_image":false,"footnotes":""},"class_list":["post-31772","page","type-page","status-publish","has-post-thumbnail","hentry"],"acf":[],"yoast_head":"<!-- This site is optimized with the Yoast SEO Premium plugin v24.2 (Yoast SEO v24.8) - https:\/\/yoast.com\/wordpress\/plugins\/seo\/ -->\n<title>Educaci\u00f3n que forja el futuro | WeSchool<\/title>\n<meta name=\"description\" content=\"El poder del aprendizaje con WeSchool: cada d\u00eda moldeamos el futuro de la educaci\u00f3n conectando a profesores, alumnos y socios con proyectos innovadores.\" \/>\n<meta name=\"robots\" content=\"index, follow, max-snippet:-1, max-image-preview:large, max-video-preview:-1\" \/>\n<link rel=\"canonical\" href=\"https:\/\/www.weschool.com\/es\/\" \/>\n<meta property=\"og:locale\" content=\"es_ES\" \/>\n<meta property=\"og:type\" content=\"article\" \/>\n<meta property=\"og:title\" content=\"Future-making Education | WeSchool Education\" \/>\n<meta property=\"og:description\" content=\"Unlock the transformative power of Education with WeSchool: we craft innovative programmes that connect teachers, students and partners.\" \/>\n<meta property=\"og:url\" content=\"https:\/\/www.weschool.com\/es\/\" \/>\n<meta property=\"og:site_name\" content=\"WeSchool\" \/>\n<meta property=\"article:modified_time\" content=\"2025-07-04T13:34:33+00:00\" \/>\n<meta property=\"og:image\" content=\"https:\/\/www.weschool.com\/wp-content\/uploads\/2022\/02\/WeSchool.png\" \/>\n\t<meta property=\"og:image:width\" content=\"1920\" \/>\n\t<meta property=\"og:image:height\" content=\"1080\" \/>\n\t<meta property=\"og:image:type\" content=\"image\/png\" \/>\n<meta name=\"twitter:card\" content=\"summary_large_image\" \/>\n<meta name=\"twitter:title\" content=\"Future-making Education | WeSchool Education\" \/>\n<meta name=\"twitter:description\" content=\"Unlock the transformative power of Education with WeSchool: we craft innovative programmes that connect teachers, students and partners.\" \/>\n<meta name=\"twitter:image\" content=\"https:\/\/www.weschool.com\/wp-content\/uploads\/2022\/02\/WeSchool.png\" \/>\n<meta name=\"twitter:label1\" content=\"Est. reading time\" \/>\n\t<meta name=\"twitter:data1\" content=\"1 minute\" \/>\n<script type=\"application\/ld+json\" class=\"yoast-schema-graph\">{\"@context\":\"https:\/\/schema.org\",\"@graph\":[{\"@type\":\"WebPage\",\"@id\":\"https:\/\/www.weschool.com\/es\/\",\"url\":\"https:\/\/www.weschool.com\/es\/\",\"name\":\"Educaci\u00f3n que forja el futuro | WeSchool\",\"isPartOf\":{\"@id\":\"https:\/\/www.weschool.com\/es\/#website\"},\"primaryImageOfPage\":{\"@id\":\"https:\/\/www.weschool.com\/es\/#primaryimage\"},\"image\":{\"@id\":\"https:\/\/www.weschool.com\/es\/#primaryimage\"},\"thumbnailUrl\":\"https:\/\/www.weschool.com\/wp-content\/uploads\/2022\/02\/WeSchool.png\",\"datePublished\":\"2023-09-19T22:32:32+00:00\",\"dateModified\":\"2025-07-04T13:34:33+00:00\",\"description\":\"El poder del aprendizaje con WeSchool: cada d\u00eda moldeamos el futuro de la educaci\u00f3n conectando a profesores, alumnos y socios con proyectos innovadores.\",\"breadcrumb\":{\"@id\":\"https:\/\/www.weschool.com\/es\/#breadcrumb\"},\"inLanguage\":\"es-ES\",\"potentialAction\":[{\"@type\":\"ReadAction\",\"target\":[\"https:\/\/www.weschool.com\/es\/\"]}]},{\"@type\":\"ImageObject\",\"inLanguage\":\"es-ES\",\"@id\":\"https:\/\/www.weschool.com\/es\/#primaryimage\",\"url\":\"https:\/\/www.weschool.com\/wp-content\/uploads\/2022\/02\/WeSchool.png\",\"contentUrl\":\"https:\/\/www.weschool.com\/wp-content\/uploads\/2022\/02\/WeSchool.png\",\"width\":1920,\"height\":1080},{\"@type\":\"BreadcrumbList\",\"@id\":\"https:\/\/www.weschool.com\/es\/#breadcrumb\",\"itemListElement\":[{\"@type\":\"ListItem\",\"position\":1,\"name\":\"Home\",\"item\":\"https:\/\/www.weschool.com\/es\/\"},{\"@type\":\"ListItem\",\"position\":2,\"name\":\"Homepage\"}]},{\"@type\":\"WebSite\",\"@id\":\"https:\/\/www.weschool.com\/es\/#website\",\"url\":\"https:\/\/www.weschool.com\/es\/\",\"name\":\"WeSchool\",\"description\":\"Future-making Education\",\"potentialAction\":[{\"@type\":\"SearchAction\",\"target\":{\"@type\":\"EntryPoint\",\"urlTemplate\":\"https:\/\/www.weschool.com\/es\/?s={search_term_string}\"},\"query-input\":{\"@type\":\"PropertyValueSpecification\",\"valueRequired\":true,\"valueName\":\"search_term_string\"}}],\"inLanguage\":\"es-ES\"}]}<\/script>\n<!-- \/ Yoast SEO Premium plugin. -->","yoast_head_json":{"title":"Educaci\u00f3n que forja el futuro | WeSchool","description":"El poder del aprendizaje con WeSchool: cada d\u00eda moldeamos el futuro de la educaci\u00f3n conectando a profesores, alumnos y socios con proyectos innovadores.","robots":{"index":"index","follow":"follow","max-snippet":"max-snippet:-1","max-image-preview":"max-image-preview:large","max-video-preview":"max-video-preview:-1"},"canonical":"https:\/\/www.weschool.com\/es\/","og_locale":"es_ES","og_type":"article","og_title":"Future-making Education | WeSchool Education","og_description":"Unlock the transformative power of Education with WeSchool: we craft innovative programmes that connect teachers, students and partners.","og_url":"https:\/\/www.weschool.com\/es\/","og_site_name":"WeSchool","article_modified_time":"2025-07-04T13:34:33+00:00","og_image":[{"width":1920,"height":1080,"url":"https:\/\/www.weschool.com\/wp-content\/uploads\/2022\/02\/WeSchool.png","type":"image\/png"}],"twitter_card":"summary_large_image","twitter_title":"Future-making Education | WeSchool Education","twitter_description":"Unlock the transformative power of Education with WeSchool: we craft innovative programmes that connect teachers, students and partners.","twitter_image":"https:\/\/www.weschool.com\/wp-content\/uploads\/2022\/02\/WeSchool.png","twitter_misc":{"Est. reading time":"1 minute"},"schema":{"@context":"https:\/\/schema.org","@graph":[{"@type":"WebPage","@id":"https:\/\/www.weschool.com\/es\/","url":"https:\/\/www.weschool.com\/es\/","name":"Educaci\u00f3n que forja el futuro | WeSchool","isPartOf":{"@id":"https:\/\/www.weschool.com\/es\/#website"},"primaryImageOfPage":{"@id":"https:\/\/www.weschool.com\/es\/#primaryimage"},"image":{"@id":"https:\/\/www.weschool.com\/es\/#primaryimage"},"thumbnailUrl":"https:\/\/www.weschool.com\/wp-content\/uploads\/2022\/02\/WeSchool.png","datePublished":"2023-09-19T22:32:32+00:00","dateModified":"2025-07-04T13:34:33+00:00","description":"El poder del aprendizaje con WeSchool: cada d\u00eda moldeamos el futuro de la educaci\u00f3n conectando a profesores, alumnos y socios con proyectos innovadores.","breadcrumb":{"@id":"https:\/\/www.weschool.com\/es\/#breadcrumb"},"inLanguage":"es-ES","potentialAction":[{"@type":"ReadAction","target":["https:\/\/www.weschool.com\/es\/"]}]},{"@type":"ImageObject","inLanguage":"es-ES","@id":"https:\/\/www.weschool.com\/es\/#primaryimage","url":"https:\/\/www.weschool.com\/wp-content\/uploads\/2022\/02\/WeSchool.png","contentUrl":"https:\/\/www.weschool.com\/wp-content\/uploads\/2022\/02\/WeSchool.png","width":1920,"height":1080},{"@type":"BreadcrumbList","@id":"https:\/\/www.weschool.com\/es\/#breadcrumb","itemListElement":[{"@type":"ListItem","position":1,"name":"Home","item":"https:\/\/www.weschool.com\/es\/"},{"@type":"ListItem","position":2,"name":"Homepage"}]},{"@type":"WebSite","@id":"https:\/\/www.weschool.com\/es\/#website","url":"https:\/\/www.weschool.com\/es\/","name":"WeSchool","description":"Future-making Education","potentialAction":[{"@type":"SearchAction","target":{"@type":"EntryPoint","urlTemplate":"https:\/\/www.weschool.com\/es\/?s={search_term_string}"},"query-input":{"@type":"PropertyValueSpecification","valueRequired":true,"valueName":"search_term_string"}}],"inLanguage":"es-ES"}]}},"_links":{"self":[{"href":"https:\/\/www.weschool.com\/es\/wp-json\/wp\/v2\/pages\/31772","targetHints":{"allow":["GET"]}}],"collection":[{"href":"https:\/\/www.weschool.com\/es\/wp-json\/wp\/v2\/pages"}],"about":[{"href":"https:\/\/www.weschool.com\/es\/wp-json\/wp\/v2\/types\/page"}],"author":[{"embeddable":true,"href":"https:\/\/www.weschool.com\/es\/wp-json\/wp\/v2\/users\/1"}],"replies":[{"embeddable":true,"href":"https:\/\/www.weschool.com\/es\/wp-json\/wp\/v2\/comments?post=31772"}],"version-history":[{"count":20,"href":"https:\/\/www.weschool.com\/es\/wp-json\/wp\/v2\/pages\/31772\/revisions"}],"predecessor-version":[{"id":34724,"href":"https:\/\/www.weschool.com\/es\/wp-json\/wp\/v2\/pages\/31772\/revisions\/34724"}],"wp:featuredmedia":[{"embeddable":true,"href":"https:\/\/www.weschool.com\/es\/wp-json\/wp\/v2\/media\/31810"}],"wp:attachment":[{"href":"https:\/\/www.weschool.com\/es\/wp-json\/wp\/v2\/media?parent=31772"}],"curies":[{"name":"wp","href":"https:\/\/api.w.org\/{rel}","templated":true}]}}