{"id":34022,"date":"2023-12-12T09:40:13","date_gmt":"2023-12-12T08:40:13","guid":{"rendered":"https:\/\/www.weschool.com\/projects\/aws-getit-2\/"},"modified":"2024-10-21T17:28:29","modified_gmt":"2024-10-21T15:28:29","slug":"aws-getit-2","status":"publish","type":"product","link":"https:\/\/www.weschool.com\/es\/proyectos\/aws-getit-2\/","title":{"rendered":"AWS GetIT"},"content":{"rendered":"","protected":false},"excerpt":{"rendered":"<p><span style=\"font-weight: 400;\">Un proyecto internacional para explorar las competencias tecnol\u00f3gicas del futuro dise\u00f1ando una aplicaci\u00f3n innovadora en clase<\/span><\/p>\n","protected":false},"featured_media":34024,"comment_status":"open","ping_status":"closed","template":"","meta":{"_acf_changed":false,"inline_featured_image":false},"product_brand":[],"product_cat":[342],"product_tag":[],"class_list":{"0":"post-34022","1":"product","2":"type-product","3":"status-publish","4":"has-post-thumbnail","6":"product_cat-educacion-civica","7":"preview_role-eso","8":"active_status-archivado-es","9":"programs-proyectos","11":"first","12":"instock","13":"taxable","14":"shipping-taxable","15":"product-type-external"},"acf":[],"yoast_head":"<!-- This site is optimized with the Yoast SEO Premium plugin v24.2 (Yoast SEO v24.8) - https:\/\/yoast.com\/wordpress\/plugins\/seo\/ -->\n<title>AWS GetIT - WeSchool<\/title>\n<meta name=\"robots\" content=\"index, follow, max-snippet:-1, max-image-preview:large, max-video-preview:-1\" \/>\n<link rel=\"canonical\" href=\"https:\/\/www.weschool.com\/es\/proyectos\/aws-getit-2\/\" \/>\n<meta property=\"og:locale\" content=\"es_ES\" \/>\n<meta property=\"og:type\" content=\"article\" \/>\n<meta property=\"og:title\" content=\"AWS GetIT\" \/>\n<meta property=\"og:description\" content=\"Un proyecto internacional para explorar las competencias tecnol\u00f3gicas del futuro dise\u00f1ando una aplicaci\u00f3n innovadora en clase\" \/>\n<meta property=\"og:url\" content=\"https:\/\/www.weschool.com\/es\/proyectos\/aws-getit-2\/\" \/>\n<meta property=\"og:site_name\" content=\"WeSchool\" \/>\n<meta property=\"article:modified_time\" content=\"2024-10-21T15:28:29+00:00\" \/>\n<meta property=\"og:image\" content=\"https:\/\/www.weschool.com\/wp-content\/uploads\/2023\/11\/AWS-Get-IT_Scheda-corso-archived-scaled.jpg\" \/>\n\t<meta property=\"og:image:width\" content=\"2560\" \/>\n\t<meta property=\"og:image:height\" content=\"1408\" \/>\n\t<meta property=\"og:image:type\" content=\"image\/jpeg\" \/>\n<meta name=\"twitter:card\" content=\"summary_large_image\" \/>\n<meta name=\"twitter:label1\" content=\"Est. reading time\" \/>\n\t<meta name=\"twitter:data1\" content=\"1 minute\" \/>\n<script type=\"application\/ld+json\" class=\"yoast-schema-graph\">{\"@context\":\"https:\/\/schema.org\",\"@graph\":[{\"@type\":\"WebPage\",\"@id\":\"https:\/\/www.weschool.com\/es\/proyectos\/aws-getit-2\/\",\"url\":\"https:\/\/www.weschool.com\/es\/proyectos\/aws-getit-2\/\",\"name\":\"AWS GetIT - WeSchool\",\"isPartOf\":{\"@id\":\"https:\/\/www.weschool.com\/es\/#website\"},\"primaryImageOfPage\":{\"@id\":\"https:\/\/www.weschool.com\/es\/proyectos\/aws-getit-2\/#primaryimage\"},\"image\":{\"@id\":\"https:\/\/www.weschool.com\/es\/proyectos\/aws-getit-2\/#primaryimage\"},\"thumbnailUrl\":\"https:\/\/www.weschool.com\/wp-content\/uploads\/2023\/11\/AWS-Get-IT_Scheda-corso-archived-scaled.jpg\",\"datePublished\":\"2023-12-12T08:40:13+00:00\",\"dateModified\":\"2024-10-21T15:28:29+00:00\",\"breadcrumb\":{\"@id\":\"https:\/\/www.weschool.com\/es\/proyectos\/aws-getit-2\/#breadcrumb\"},\"inLanguage\":\"es-ES\",\"potentialAction\":[{\"@type\":\"ReadAction\",\"target\":[\"https:\/\/www.weschool.com\/es\/proyectos\/aws-getit-2\/\"]}]},{\"@type\":\"ImageObject\",\"inLanguage\":\"es-ES\",\"@id\":\"https:\/\/www.weschool.com\/es\/proyectos\/aws-getit-2\/#primaryimage\",\"url\":\"https:\/\/www.weschool.com\/wp-content\/uploads\/2023\/11\/AWS-Get-IT_Scheda-corso-archived-scaled.jpg\",\"contentUrl\":\"https:\/\/www.weschool.com\/wp-content\/uploads\/2023\/11\/AWS-Get-IT_Scheda-corso-archived-scaled.jpg\",\"width\":2560,\"height\":1408},{\"@type\":\"BreadcrumbList\",\"@id\":\"https:\/\/www.weschool.com\/es\/proyectos\/aws-getit-2\/#breadcrumb\",\"itemListElement\":[{\"@type\":\"ListItem\",\"position\":1,\"name\":\"Home\",\"item\":\"https:\/\/www.weschool.com\/es\/\"},{\"@type\":\"ListItem\",\"position\":2,\"name\":\"Progetti\",\"item\":\"https:\/\/www.weschool.com\/it\/progetti\/\"},{\"@type\":\"ListItem\",\"position\":3,\"name\":\"AWS GetIT\"}]},{\"@type\":\"WebSite\",\"@id\":\"https:\/\/www.weschool.com\/es\/#website\",\"url\":\"https:\/\/www.weschool.com\/es\/\",\"name\":\"WeSchool\",\"description\":\"Future-making Education\",\"potentialAction\":[{\"@type\":\"SearchAction\",\"target\":{\"@type\":\"EntryPoint\",\"urlTemplate\":\"https:\/\/www.weschool.com\/es\/?s={search_term_string}\"},\"query-input\":{\"@type\":\"PropertyValueSpecification\",\"valueRequired\":true,\"valueName\":\"search_term_string\"}}],\"inLanguage\":\"es-ES\"}]}<\/script>\n<!-- \/ Yoast SEO Premium plugin. -->","yoast_head_json":{"title":"AWS GetIT - WeSchool","robots":{"index":"index","follow":"follow","max-snippet":"max-snippet:-1","max-image-preview":"max-image-preview:large","max-video-preview":"max-video-preview:-1"},"canonical":"https:\/\/www.weschool.com\/es\/proyectos\/aws-getit-2\/","og_locale":"es_ES","og_type":"article","og_title":"AWS GetIT","og_description":"Un proyecto internacional para explorar las competencias tecnol\u00f3gicas del futuro dise\u00f1ando una aplicaci\u00f3n innovadora en clase","og_url":"https:\/\/www.weschool.com\/es\/proyectos\/aws-getit-2\/","og_site_name":"WeSchool","article_modified_time":"2024-10-21T15:28:29+00:00","og_image":[{"width":2560,"height":1408,"url":"https:\/\/www.weschool.com\/wp-content\/uploads\/2023\/11\/AWS-Get-IT_Scheda-corso-archived-scaled.jpg","type":"image\/jpeg"}],"twitter_card":"summary_large_image","twitter_misc":{"Est. reading time":"1 minute"},"schema":{"@context":"https:\/\/schema.org","@graph":[{"@type":"WebPage","@id":"https:\/\/www.weschool.com\/es\/proyectos\/aws-getit-2\/","url":"https:\/\/www.weschool.com\/es\/proyectos\/aws-getit-2\/","name":"AWS GetIT - WeSchool","isPartOf":{"@id":"https:\/\/www.weschool.com\/es\/#website"},"primaryImageOfPage":{"@id":"https:\/\/www.weschool.com\/es\/proyectos\/aws-getit-2\/#primaryimage"},"image":{"@id":"https:\/\/www.weschool.com\/es\/proyectos\/aws-getit-2\/#primaryimage"},"thumbnailUrl":"https:\/\/www.weschool.com\/wp-content\/uploads\/2023\/11\/AWS-Get-IT_Scheda-corso-archived-scaled.jpg","datePublished":"2023-12-12T08:40:13+00:00","dateModified":"2024-10-21T15:28:29+00:00","breadcrumb":{"@id":"https:\/\/www.weschool.com\/es\/proyectos\/aws-getit-2\/#breadcrumb"},"inLanguage":"es-ES","potentialAction":[{"@type":"ReadAction","target":["https:\/\/www.weschool.com\/es\/proyectos\/aws-getit-2\/"]}]},{"@type":"ImageObject","inLanguage":"es-ES","@id":"https:\/\/www.weschool.com\/es\/proyectos\/aws-getit-2\/#primaryimage","url":"https:\/\/www.weschool.com\/wp-content\/uploads\/2023\/11\/AWS-Get-IT_Scheda-corso-archived-scaled.jpg","contentUrl":"https:\/\/www.weschool.com\/wp-content\/uploads\/2023\/11\/AWS-Get-IT_Scheda-corso-archived-scaled.jpg","width":2560,"height":1408},{"@type":"BreadcrumbList","@id":"https:\/\/www.weschool.com\/es\/proyectos\/aws-getit-2\/#breadcrumb","itemListElement":[{"@type":"ListItem","position":1,"name":"Home","item":"https:\/\/www.weschool.com\/es\/"},{"@type":"ListItem","position":2,"name":"Progetti","item":"https:\/\/www.weschool.com\/it\/progetti\/"},{"@type":"ListItem","position":3,"name":"AWS GetIT"}]},{"@type":"WebSite","@id":"https:\/\/www.weschool.com\/es\/#website","url":"https:\/\/www.weschool.com\/es\/","name":"WeSchool","description":"Future-making Education","potentialAction":[{"@type":"SearchAction","target":{"@type":"EntryPoint","urlTemplate":"https:\/\/www.weschool.com\/es\/?s={search_term_string}"},"query-input":{"@type":"PropertyValueSpecification","valueRequired":true,"valueName":"search_term_string"}}],"inLanguage":"es-ES"}]}},"_links":{"self":[{"href":"https:\/\/www.weschool.com\/es\/wp-json\/wp\/v2\/product\/34022","targetHints":{"allow":["GET"]}}],"collection":[{"href":"https:\/\/www.weschool.com\/es\/wp-json\/wp\/v2\/product"}],"about":[{"href":"https:\/\/www.weschool.com\/es\/wp-json\/wp\/v2\/types\/product"}],"replies":[{"embeddable":true,"href":"https:\/\/www.weschool.com\/es\/wp-json\/wp\/v2\/comments?post=34022"}],"wp:featuredmedia":[{"embeddable":true,"href":"https:\/\/www.weschool.com\/es\/wp-json\/wp\/v2\/media\/34024"}],"wp:attachment":[{"href":"https:\/\/www.weschool.com\/es\/wp-json\/wp\/v2\/media?parent=34022"}],"wp:term":[{"taxonomy":"product_brand","embeddable":true,"href":"https:\/\/www.weschool.com\/es\/wp-json\/wp\/v2\/product_brand?post=34022"},{"taxonomy":"product_cat","embeddable":true,"href":"https:\/\/www.weschool.com\/es\/wp-json\/wp\/v2\/product_cat?post=34022"},{"taxonomy":"product_tag","embeddable":true,"href":"https:\/\/www.weschool.com\/es\/wp-json\/wp\/v2\/product_tag?post=34022"}],"curies":[{"name":"wp","href":"https:\/\/api.w.org\/{rel}","templated":true}]}}