{"id":34321,"date":"2024-06-27T17:48:06","date_gmt":"2024-06-27T15:48:06","guid":{"rendered":"https:\/\/www.weschool.com\/projects\/freestyle-2\/"},"modified":"2024-10-18T16:40:12","modified_gmt":"2024-10-18T14:40:12","slug":"freestyle-2","status":"publish","type":"product","link":"https:\/\/www.weschool.com\/es\/proyectos\/freestyle-2\/","title":{"rendered":"FreeStyle"},"content":{"rendered":"<p>A trav\u00e9s de los principios del dise\u00f1o visual y la comunicaci\u00f3n, los estudiantes descubrieron lo que se necesita para reescribir el futuro (con estilo).<\/p>\n","protected":false},"excerpt":{"rendered":"<p>A trav\u00e9s de los principios del dise\u00f1o visual y la comunicaci\u00f3n, los estudiantes descubrieron lo que se necesita para reescribir el futuro (con estilo).<\/p>\n","protected":false},"featured_media":34323,"comment_status":"open","ping_status":"closed","template":"","meta":{"_acf_changed":false,"inline_featured_image":false},"product_brand":[],"product_cat":[332],"product_tag":[],"class_list":{"0":"post-34321","1":"product","2":"type-product","3":"status-publish","4":"has-post-thumbnail","6":"product_cat-orientacion","7":"preview_role-bachillerato","8":"preview_role-eso","9":"active_status-archivado-es","10":"programs-proyectos","12":"first","13":"instock","14":"taxable","15":"shipping-taxable","16":"product-type-external"},"acf":[],"yoast_head":"<!-- This site is optimized with the Yoast SEO Premium plugin v24.2 (Yoast SEO v24.8) - https:\/\/yoast.com\/wordpress\/plugins\/seo\/ -->\n<title>FreeStyle - WeSchool<\/title>\n<meta name=\"robots\" content=\"index, follow, max-snippet:-1, max-image-preview:large, max-video-preview:-1\" \/>\n<link rel=\"canonical\" href=\"https:\/\/www.weschool.com\/es\/proyectos\/freestyle-2\/\" \/>\n<meta property=\"og:locale\" content=\"es_ES\" \/>\n<meta property=\"og:type\" content=\"article\" \/>\n<meta property=\"og:title\" content=\"FreeStyle\" \/>\n<meta property=\"og:description\" content=\"A trav\u00e9s de los principios del dise\u00f1o visual y la comunicaci\u00f3n, los estudiantes descubrieron lo que se necesita para reescribir el futuro (con estilo).\" \/>\n<meta property=\"og:url\" content=\"https:\/\/www.weschool.com\/es\/proyectos\/freestyle-2\/\" \/>\n<meta property=\"og:site_name\" content=\"WeSchool\" \/>\n<meta property=\"article:modified_time\" content=\"2024-10-18T14:40:12+00:00\" \/>\n<meta property=\"og:image\" content=\"https:\/\/www.weschool.com\/wp-content\/uploads\/2024\/06\/Cover-scheda-corso-archiviata-4.jpg\" \/>\n\t<meta property=\"og:image:width\" content=\"1200\" \/>\n\t<meta property=\"og:image:height\" content=\"660\" \/>\n\t<meta property=\"og:image:type\" content=\"image\/jpeg\" \/>\n<meta name=\"twitter:card\" content=\"summary_large_image\" \/>\n<meta name=\"twitter:label1\" content=\"Est. reading time\" \/>\n\t<meta name=\"twitter:data1\" content=\"1 minute\" \/>\n<script type=\"application\/ld+json\" class=\"yoast-schema-graph\">{\"@context\":\"https:\/\/schema.org\",\"@graph\":[{\"@type\":\"WebPage\",\"@id\":\"https:\/\/www.weschool.com\/es\/proyectos\/freestyle-2\/\",\"url\":\"https:\/\/www.weschool.com\/es\/proyectos\/freestyle-2\/\",\"name\":\"FreeStyle - WeSchool\",\"isPartOf\":{\"@id\":\"https:\/\/www.weschool.com\/es\/#website\"},\"primaryImageOfPage\":{\"@id\":\"https:\/\/www.weschool.com\/es\/proyectos\/freestyle-2\/#primaryimage\"},\"image\":{\"@id\":\"https:\/\/www.weschool.com\/es\/proyectos\/freestyle-2\/#primaryimage\"},\"thumbnailUrl\":\"https:\/\/www.weschool.com\/wp-content\/uploads\/2024\/06\/Cover-scheda-corso-archiviata-4.jpg\",\"datePublished\":\"2024-06-27T15:48:06+00:00\",\"dateModified\":\"2024-10-18T14:40:12+00:00\",\"breadcrumb\":{\"@id\":\"https:\/\/www.weschool.com\/es\/proyectos\/freestyle-2\/#breadcrumb\"},\"inLanguage\":\"es-ES\",\"potentialAction\":[{\"@type\":\"ReadAction\",\"target\":[\"https:\/\/www.weschool.com\/es\/proyectos\/freestyle-2\/\"]}]},{\"@type\":\"ImageObject\",\"inLanguage\":\"es-ES\",\"@id\":\"https:\/\/www.weschool.com\/es\/proyectos\/freestyle-2\/#primaryimage\",\"url\":\"https:\/\/www.weschool.com\/wp-content\/uploads\/2024\/06\/Cover-scheda-corso-archiviata-4.jpg\",\"contentUrl\":\"https:\/\/www.weschool.com\/wp-content\/uploads\/2024\/06\/Cover-scheda-corso-archiviata-4.jpg\",\"width\":1200,\"height\":660},{\"@type\":\"BreadcrumbList\",\"@id\":\"https:\/\/www.weschool.com\/es\/proyectos\/freestyle-2\/#breadcrumb\",\"itemListElement\":[{\"@type\":\"ListItem\",\"position\":1,\"name\":\"Home\",\"item\":\"https:\/\/www.weschool.com\/es\/\"},{\"@type\":\"ListItem\",\"position\":2,\"name\":\"Progetti\",\"item\":\"https:\/\/www.weschool.com\/it\/progetti\/\"},{\"@type\":\"ListItem\",\"position\":3,\"name\":\"FreeStyle\"}]},{\"@type\":\"WebSite\",\"@id\":\"https:\/\/www.weschool.com\/es\/#website\",\"url\":\"https:\/\/www.weschool.com\/es\/\",\"name\":\"WeSchool\",\"description\":\"Future-making Education\",\"potentialAction\":[{\"@type\":\"SearchAction\",\"target\":{\"@type\":\"EntryPoint\",\"urlTemplate\":\"https:\/\/www.weschool.com\/es\/?s={search_term_string}\"},\"query-input\":{\"@type\":\"PropertyValueSpecification\",\"valueRequired\":true,\"valueName\":\"search_term_string\"}}],\"inLanguage\":\"es-ES\"}]}<\/script>\n<!-- \/ Yoast SEO Premium plugin. -->","yoast_head_json":{"title":"FreeStyle - WeSchool","robots":{"index":"index","follow":"follow","max-snippet":"max-snippet:-1","max-image-preview":"max-image-preview:large","max-video-preview":"max-video-preview:-1"},"canonical":"https:\/\/www.weschool.com\/es\/proyectos\/freestyle-2\/","og_locale":"es_ES","og_type":"article","og_title":"FreeStyle","og_description":"A trav\u00e9s de los principios del dise\u00f1o visual y la comunicaci\u00f3n, los estudiantes descubrieron lo que se necesita para reescribir el futuro (con estilo).","og_url":"https:\/\/www.weschool.com\/es\/proyectos\/freestyle-2\/","og_site_name":"WeSchool","article_modified_time":"2024-10-18T14:40:12+00:00","og_image":[{"width":1200,"height":660,"url":"https:\/\/www.weschool.com\/wp-content\/uploads\/2024\/06\/Cover-scheda-corso-archiviata-4.jpg","type":"image\/jpeg"}],"twitter_card":"summary_large_image","twitter_misc":{"Est. reading time":"1 minute"},"schema":{"@context":"https:\/\/schema.org","@graph":[{"@type":"WebPage","@id":"https:\/\/www.weschool.com\/es\/proyectos\/freestyle-2\/","url":"https:\/\/www.weschool.com\/es\/proyectos\/freestyle-2\/","name":"FreeStyle - WeSchool","isPartOf":{"@id":"https:\/\/www.weschool.com\/es\/#website"},"primaryImageOfPage":{"@id":"https:\/\/www.weschool.com\/es\/proyectos\/freestyle-2\/#primaryimage"},"image":{"@id":"https:\/\/www.weschool.com\/es\/proyectos\/freestyle-2\/#primaryimage"},"thumbnailUrl":"https:\/\/www.weschool.com\/wp-content\/uploads\/2024\/06\/Cover-scheda-corso-archiviata-4.jpg","datePublished":"2024-06-27T15:48:06+00:00","dateModified":"2024-10-18T14:40:12+00:00","breadcrumb":{"@id":"https:\/\/www.weschool.com\/es\/proyectos\/freestyle-2\/#breadcrumb"},"inLanguage":"es-ES","potentialAction":[{"@type":"ReadAction","target":["https:\/\/www.weschool.com\/es\/proyectos\/freestyle-2\/"]}]},{"@type":"ImageObject","inLanguage":"es-ES","@id":"https:\/\/www.weschool.com\/es\/proyectos\/freestyle-2\/#primaryimage","url":"https:\/\/www.weschool.com\/wp-content\/uploads\/2024\/06\/Cover-scheda-corso-archiviata-4.jpg","contentUrl":"https:\/\/www.weschool.com\/wp-content\/uploads\/2024\/06\/Cover-scheda-corso-archiviata-4.jpg","width":1200,"height":660},{"@type":"BreadcrumbList","@id":"https:\/\/www.weschool.com\/es\/proyectos\/freestyle-2\/#breadcrumb","itemListElement":[{"@type":"ListItem","position":1,"name":"Home","item":"https:\/\/www.weschool.com\/es\/"},{"@type":"ListItem","position":2,"name":"Progetti","item":"https:\/\/www.weschool.com\/it\/progetti\/"},{"@type":"ListItem","position":3,"name":"FreeStyle"}]},{"@type":"WebSite","@id":"https:\/\/www.weschool.com\/es\/#website","url":"https:\/\/www.weschool.com\/es\/","name":"WeSchool","description":"Future-making Education","potentialAction":[{"@type":"SearchAction","target":{"@type":"EntryPoint","urlTemplate":"https:\/\/www.weschool.com\/es\/?s={search_term_string}"},"query-input":{"@type":"PropertyValueSpecification","valueRequired":true,"valueName":"search_term_string"}}],"inLanguage":"es-ES"}]}},"_links":{"self":[{"href":"https:\/\/www.weschool.com\/es\/wp-json\/wp\/v2\/product\/34321","targetHints":{"allow":["GET"]}}],"collection":[{"href":"https:\/\/www.weschool.com\/es\/wp-json\/wp\/v2\/product"}],"about":[{"href":"https:\/\/www.weschool.com\/es\/wp-json\/wp\/v2\/types\/product"}],"replies":[{"embeddable":true,"href":"https:\/\/www.weschool.com\/es\/wp-json\/wp\/v2\/comments?post=34321"}],"wp:featuredmedia":[{"embeddable":true,"href":"https:\/\/www.weschool.com\/es\/wp-json\/wp\/v2\/media\/34323"}],"wp:attachment":[{"href":"https:\/\/www.weschool.com\/es\/wp-json\/wp\/v2\/media?parent=34321"}],"wp:term":[{"taxonomy":"product_brand","embeddable":true,"href":"https:\/\/www.weschool.com\/es\/wp-json\/wp\/v2\/product_brand?post=34321"},{"taxonomy":"product_cat","embeddable":true,"href":"https:\/\/www.weschool.com\/es\/wp-json\/wp\/v2\/product_cat?post=34321"},{"taxonomy":"product_tag","embeddable":true,"href":"https:\/\/www.weschool.com\/es\/wp-json\/wp\/v2\/product_tag?post=34321"}],"curies":[{"name":"wp","href":"https:\/\/api.w.org\/{rel}","templated":true}]}}